{"id":3330,"date":"2024-04-27T22:58:47","date_gmt":"2024-04-27T20:58:47","guid":{"rendered":"https:\/\/www.1000englishwords.com\/?page_id=3330"},"modified":"2025-09-26T18:22:35","modified_gmt":"2025-09-26T16:22:35","slug":"home","status":"publish","type":"page","link":"https:\/\/www.1000englishwords.com\/sk\/","title":{"rendered":"Home"},"content":{"rendered":"<p><div id='av_section_1'  class='avia-section main_color avia-section-large avia-no-border-styling  avia-bg-style-scroll  avia-builder-el-0  el_before_av_section  avia-builder-el-first  ow-banner  container_wrap fullsize' style='background-color: #1a237e;  '  ><div class='container' ><main  role=\"main\" itemprop=\"mainContentOfPage\"  class='template-page content  av-content-full alpha units'><div class='post-entry post-entry-type-page post-entry-3330'><div class='entry-content-wrapper clearfix'>\n<section class=\"av_textblock_section \"  itemscope=\"itemscope\" itemtype=\"https:\/\/schema.org\/CreativeWork\" ><div class='avia_textblock ow-banner1 '   itemprop=\"text\" ><p style=\"text-align: center;\">1000<\/p>\n<\/div><\/section>\n<section class=\"av_textblock_section \"  itemscope=\"itemscope\" itemtype=\"https:\/\/schema.org\/CreativeWork\" ><div class='avia_textblock ow-banner2 '   itemprop=\"text\" ><p style=\"text-align: center;\">Most Common English Words<\/p>\n<\/div><\/section>\n<section class=\"av_textblock_section \"  itemscope=\"itemscope\" itemtype=\"https:\/\/schema.org\/CreativeWork\" ><div class='avia_textblock ow-banner3 '   itemprop=\"text\" ><p style=\"text-align: center;\">Pronunciation \u2022 Words \u2022 Translation<\/p>\n<\/div><\/section>\n<br \/>\n<\/div><\/div><\/main><!-- close content main element --><\/div><\/div><div id='av_section_2'  class='avia-section main_color avia-section-large avia-no-border-styling  avia-bg-style-scroll  avia-builder-el-4  el_after_av_section  el_before_av_section   container_wrap fullsize' style=' '  ><div class='container' ><div class='template-page content  av-content-full alpha units'><div class='post-entry post-entry-type-page post-entry-3330'><div class='entry-content-wrapper clearfix'>\n<div  style='padding-bottom:10px; ' class='av-special-heading av-special-heading-h1  blockquote modern-quote modern-centered  avia-builder-el-5  avia-builder-el-no-sibling  '><h1 class='av-special-heading-tag '  itemprop=\"headline\"  >1000 most important English words<br \/>arranged in order of importance and<br \/>divided into 50 lessons for an easy learning.<\/h1><div class='special-heading-border'><div class='special-heading-inner-border' ><\/div><\/div><\/div>\n<br \/>\n<\/div><\/div><\/div><!-- close content main div --><\/div><\/div><div id='av_section_3'  class='avia-section main_color avia-section-small avia-no-border-styling  avia-bg-style-scroll  avia-builder-el-6  el_after_av_section  el_before_av_section   container_wrap fullsize' style=' '  ><div class='container' ><div class='template-page content  av-content-full alpha units'><div class='post-entry post-entry-type-page post-entry-3330'><div class='entry-content-wrapper clearfix'>\n<div  style='padding-bottom:10px; ' class='av-special-heading av-special-heading-h2  blockquote modern-quote modern-centered  '><h2 class='av-special-heading-tag '  itemprop=\"headline\"  >List of 1000 English Words (1-1000)<\/h2><div class ='av-subheading av-subheading_below  ' style='font-size:15px;'><p>1000MostCommonEnglishWords.com<\/p>\n<\/div><div class='special-heading-border'><div class='special-heading-inner-border' ><\/div><\/div><\/div>\n<br \/>\n<\/div><\/div><\/div><!-- close content main div --><\/div><\/div><div id='av_section_4'  class='avia-section main_color avia-section-small avia-no-border-styling  avia-bg-style-scroll   container_wrap fullsize' style=' '  ><div class='container' ><div class='template-page content  av-content-full alpha units'><div class='post-entry post-entry-type-page post-entry-3330'><div class='entry-content-wrapper clearfix'>\n\n<\/div><\/div><\/div><!-- close content main div --><\/div><\/div><div id='about'  class='avia-section main_color avia-section-default avia-no-border-styling  avia-bg-style-scroll   container_wrap fullsize' style=' '  ><div class='container' ><div class='template-page content  av-content-full alpha units'><div class='post-entry post-entry-type-page post-entry-3330'><div class='entry-content-wrapper clearfix'>\n<div  style='padding-bottom:10px; ' class='av-special-heading av-special-heading-h3  blockquote modern-quote modern-centered  '><h3 class='av-special-heading-tag '  itemprop=\"headline\"  >About<\/h3><div class ='av-subheading av-subheading_below  ' style='font-size:15px;'><p>1000MostCommonEnglishWords.com<\/p>\n<\/div><div class='special-heading-border'><div class='special-heading-inner-border' ><\/div><\/div><\/div>\n<section class=\"av_textblock_section \"  itemscope=\"itemscope\" itemtype=\"https:\/\/schema.org\/CreativeWork\" ><div class='avia_textblock  '   itemprop=\"text\" ><p>1000 Most Common English Words website \u2013 is probably <strong>the best online database<\/strong> of the 1000 most frequently used English words in common daily English use.<br \/>\nAll the words are arranged <strong>in order of importance<\/strong> from the most important to less important.<br \/>\nWords are divided into <strong>50 lessons<\/strong>, 20 words for each, for easy learning. Learn lesson by lesson from most important to less important.<br \/>\n1000 Most Common English Words website \u2013 is probably <strong>the best online database<\/strong> of the 1000 most frequently used English words in common daily English use.<br \/>\nAll the words are arranged <strong>in order of importance<\/strong> from the most important to less important.<br \/>\nWords are divided into <strong>50 lessons<\/strong>, 20 words for each, for easy learning. Learn lesson by lesson from most important to less important.<br \/>\n1000 Most Common English Words website \u2013 is probably <strong>the best online database<\/strong> of the 1000 most frequently used English words in common daily English use.<br \/>\nAll the words are arranged <strong>in order of importance<\/strong> from the most important to less important.<br \/>\nWords are divided into <strong>50 lessons<\/strong>, 20 words for each, for easy learning. Learn lesson by lesson from most important to less important.<\/p>\n<\/div><\/section>\n<br \/>\n<\/div><\/div><\/div><!-- close content main div --><\/div><\/div><div id='contact'  class='avia-section main_color avia-section-default avia-no-border-styling  avia-bg-style-scroll  avia-builder-el-8  el_after_av_section  el_before_av_section   container_wrap fullsize' style=' '  ><div class='container' ><div class='template-page content  av-content-full alpha units'><div class='post-entry post-entry-type-page post-entry-3330'><div class='entry-content-wrapper clearfix'>\n<div  style='padding-bottom:10px; ' class='av-special-heading av-special-heading-h3  blockquote modern-quote modern-centered  '><h3 class='av-special-heading-tag '  itemprop=\"headline\"  >Contact<\/h3><div class ='av-subheading av-subheading_below  ' style='font-size:15px;'><p>1000MostCommonEnglishWords.com<\/p>\n<\/div><div class='special-heading-border'><div class='special-heading-inner-border' ><\/div><\/div><\/div>\n<section class=\"av_textblock_section \"  itemscope=\"itemscope\" itemtype=\"https:\/\/schema.org\/CreativeWork\" ><div class='avia_textblock  '   itemprop=\"text\" ><p>1000 Most Common English Words website \u2013 is probably <strong>the best online database<\/strong> of the 1000 most frequently used English words in common daily English use.<br \/>\nAll the words are arranged <strong>in order of importance<\/strong> from the most important to less important.<br \/>\nWords are divided into <strong>50 lessons<\/strong>, 20 words for each, for easy learning. Learn lesson by lesson from most important to less important.<\/p>\n<\/div><\/section>\n<\/p>\n","protected":false},"excerpt":{"rendered":"","protected":false},"author":1,"featured_media":0,"parent":0,"menu_order":0,"comment_status":"closed","ping_status":"open","template":"","meta":{"inline_featured_image":false},"yoast_head":"<!-- This site is optimized with the Yoast SEO plugin v14.5 - https:\/\/yoast.com\/wordpress\/plugins\/seo\/ -->\n<title>1000 najpou\u017e\u00edvanej\u0161\u00edch anglick\u00fdch slov + PDF<\/title>\n<meta name=\"description\" content=\"1000 z\u00e1kladn\u00fdch anglick\u00fdch slov s anglickou v\u00fdslovnos\u0165ou. Slov\u00e1 s\u00fa prelo\u017een\u00e9 do sloven\u010diny a zoraden\u00e9 do 50 lekci\u00ed pod\u013ea d\u00f4le\u017eitosti.\" \/>\n<meta name=\"robots\" content=\"index, follow\" \/>\n<meta name=\"googlebot\" content=\"index, follow, max-snippet:-1, max-image-preview:large, max-video-preview:-1\" \/>\n<meta name=\"bingbot\" content=\"index, follow, max-snippet:-1, max-image-preview:large, max-video-preview:-1\" \/>\n<link rel=\"canonical\" href=\"https:\/\/www.1000englishwords.com\/sk\/\" \/>\n<meta property=\"og:locale\" content=\"sk_SK\" \/>\n<meta property=\"og:type\" content=\"article\" \/>\n<meta property=\"og:title\" content=\"1000 najpou\u017e\u00edvanej\u0161\u00edch anglick\u00fdch slov + PDF\" \/>\n<meta property=\"og:description\" content=\"1000 z\u00e1kladn\u00fdch anglick\u00fdch slov s anglickou v\u00fdslovnos\u0165ou. Slov\u00e1 s\u00fa prelo\u017een\u00e9 do sloven\u010diny a zoraden\u00e9 do 50 lekci\u00ed pod\u013ea d\u00f4le\u017eitosti.\" \/>\n<meta property=\"og:url\" content=\"https:\/\/www.1000englishwords.com\/sk\/\" \/>\n<meta property=\"og:site_name\" content=\"Loading 1000englishwords.com\" \/>\n<meta property=\"article:modified_time\" content=\"2025-09-26T16:22:35+00:00\" \/>\n<meta name=\"twitter:card\" content=\"summary_large_image\" \/>\n<script type=\"application\/ld+json\" class=\"yoast-schema-graph\">{\"@context\":\"https:\/\/schema.org\",\"@graph\":[{\"@type\":\"WebSite\",\"@id\":\"https:\/\/www.1000englishwords.com\/sk\/#website\",\"url\":\"https:\/\/www.1000englishwords.com\/sk\/\",\"name\":\"Loading 1000englishwords.com\",\"description\":\"1000 Most Common English Words\",\"potentialAction\":[{\"@type\":\"SearchAction\",\"target\":\"https:\/\/www.1000englishwords.com\/sk\/?s={search_term_string}\",\"query-input\":\"required name=search_term_string\"}],\"inLanguage\":\"sk-SK\"},{\"@type\":\"WebPage\",\"@id\":\"https:\/\/www.1000englishwords.com\/sk\/#webpage\",\"url\":\"https:\/\/www.1000englishwords.com\/sk\/\",\"name\":\"1000 najpou\\u017e\\u00edvanej\\u0161\\u00edch anglick\\u00fdch slov + PDF\",\"isPartOf\":{\"@id\":\"https:\/\/www.1000englishwords.com\/sk\/#website\"},\"datePublished\":\"2024-04-27T20:58:47+00:00\",\"dateModified\":\"2025-09-26T16:22:35+00:00\",\"description\":\"1000 z\\u00e1kladn\\u00fdch anglick\\u00fdch slov s anglickou v\\u00fdslovnos\\u0165ou. Slov\\u00e1 s\\u00fa prelo\\u017een\\u00e9 do sloven\\u010diny a zoraden\\u00e9 do 50 lekci\\u00ed pod\\u013ea d\\u00f4le\\u017eitosti.\",\"inLanguage\":\"sk-SK\",\"potentialAction\":[{\"@type\":\"ReadAction\",\"target\":[\"https:\/\/www.1000englishwords.com\/sk\/\"]}]}]}<\/script>\n<!-- \/ Yoast SEO plugin. -->","_links":{"self":[{"href":"https:\/\/www.1000englishwords.com\/sk\/wp-json\/wp\/v2\/pages\/3330"}],"collection":[{"href":"https:\/\/www.1000englishwords.com\/sk\/wp-json\/wp\/v2\/pages"}],"about":[{"href":"https:\/\/www.1000englishwords.com\/sk\/wp-json\/wp\/v2\/types\/page"}],"author":[{"embeddable":true,"href":"https:\/\/www.1000englishwords.com\/sk\/wp-json\/wp\/v2\/users\/1"}],"replies":[{"embeddable":true,"href":"https:\/\/www.1000englishwords.com\/sk\/wp-json\/wp\/v2\/comments?post=3330"}],"version-history":[{"count":2,"href":"https:\/\/www.1000englishwords.com\/sk\/wp-json\/wp\/v2\/pages\/3330\/revisions"}],"predecessor-version":[{"id":6695,"href":"https:\/\/www.1000englishwords.com\/sk\/wp-json\/wp\/v2\/pages\/3330\/revisions\/6695"}],"wp:attachment":[{"href":"https:\/\/www.1000englishwords.com\/sk\/wp-json\/wp\/v2\/media?parent=3330"}],"curies":[{"name":"wp","href":"https:\/\/api.w.org\/{rel}","templated":true}]}}